{"id":356,"date":"2023-10-28T17:10:41","date_gmt":"2023-10-28T09:10:41","guid":{"rendered":"http:\/\/themetest3.local\/?page_id=356"},"modified":"2025-10-10T16:53:08","modified_gmt":"2025-10-10T08:53:08","slug":"services","status":"publish","type":"page","link":"https:\/\/www.sunvoltbat.com\/fr\/services.html\/","title":{"rendered":"Service"},"content":{"rendered":"<section class=\"wp-block-themepark-block-themepark-area block_layout thempark-block undefined bom100 top100\" id=\"\" style=\"padding-top:258px;height:600px;box-sizing: border-box;width: 100%;\" data-swiper-parallax=\"-700\"><div class=\"block_layout_in\" style=\"\">\n<div class=\"wp-block-column block_layout_in\">\n<h2 class=\"wp-block-heading has-text-align-center has-monte-white-color has-text-color has-bonkers-font-size\" style=\"letter-spacing:3px\"><strong>Des services attentionn\u00e9s<\/strong><\/h2>\n\n\n\n<p class=\"has-text-align-center has-monte-white-color has-text-color has-normal-font-size\" style=\"text-transform:none\"><strong>Vous procurer une sensation de chaleur \u00e0 chaque fois<\/strong><\/p>\n<\/div>\n<\/div><div class=\"layout_badh\"><div class=\"shizhezhao\" style=\"opacity:0.64;background-color:#000000;\"><\/div><div class=\"PcOnly themepark-block_layout_ba lazyload swiper-lazy\" style=\"background-repeat:no-repeat;background-size:cover;background-attachment:fixed;\" data-background=\"http:\/\/www.sunvoltbat.com\/wp-content\/uploads\/2023\/10\/wl.jpg\"><\/div><div class=\"MovePnly themepark-block_layout_ba lazyload swiper-move-lazy\" style=\"background-repeat:no-repeat;background-size:cover;background-attachment:fixed;\" data-background=\"http:\/\/www.sunvoltbat.com\/wp-content\/uploads\/2023\/10\/wl.jpg\"><\/div><\/div><\/section>\n\n\n\n<div class=\"wp-block-themepark-block-btn themepark-i-btn-out maodian  fixded shadow PcOnly\" style=\"text-align:center;\"><div class=\"themepark-i-btn-out_ins\" style=\"background-color:#252525;\"><div class=\"themepark-i-btn-out_in\"><div class=\"themepark-i-btn   active\" style=\"background-color:#ffffff;color:#666666;font-size:23px;\"><span>Services<\/span><a class=\"hovers\" data-title=\"Services\" style=\"color:#666666;background-color:#ffffff;\" href=\"\" rel=\"noopener noreferrer\" target=\"_self\"><\/a><\/div><\/div><\/div><\/div>\n\n\n\n<section class=\"wp-block-themepark-block-themepark-area block_layout thempark-block undefined\" id=\"\" style=\"background-color:#ffffff;padding-bottom:53px;padding-top:61px;\" data-swiper-parallax=\"-700\"><div class=\"block_layout_in\" style=\"\">\n<div class=\"wp-block-column block_layout_in\">\n<div class=\"wp-block-columns\">\n<div class=\"wp-block-column\">\n<section class=\"wp-block-themepark-block-themepark-imgtext thempark-block themepark_imgtext updonwmodle leftright undefined  jiaocuo nohover\" style=\"\"><div class=\"themepark_imgtext_text\" style=\"width:77%;\" data-swiper-parallax=\"-1600\">\n<div class=\"wp-block-column\">\n<div class=\"wp-block-themepark-block-themepark-wright content-super-p\" style=\"font-size:16px;line-height:41px;padding:10px 0px;\">\n<div class=\"wp-block-column\">\n<p><\/p>\n\n\n\n<h1 class=\"wp-block-heading has-text-align-left has-bonkers-font-size\" id=\"homemd2\" style=\"text-transform:uppercase\"><strong>Des services attentionn\u00e9s<\/strong><\/h1>\n\n\n\n<p class=\"has-text-align-left\"><\/p>\n\n\n\n<p><\/p>\n\n\n\n<div class=\"wp-block-themepark-block-themepark-xian theme_fang_out\" style=\"text-align:left;\"><div class=\"fangbox\" style=\"width:95px;height:11px;background-color:#5e8b0f;\"><\/div><\/div>\n<\/div>\n<\/div>\n\n\n\n<div class=\"wp-block-themepark-block-themepark-wright content-super-p\" style=\"font-size:16px;line-height:32px;padding:10px 0px;\">\n<div class=\"wp-block-column\">\n<p><\/p>\n\n\n\n<p>La coop\u00e9ration commence par les produits et se poursuit par les services. AIRUMI sait parfaitement qu'il est essentiel de gagner la confiance des clients en leur offrant un service complet et attentionn\u00e9.<\/p>\n\n\n\n<p><\/p>\n<\/div>\n<\/div>\n<\/div>\n<\/div><div class=\"themepark_imgtext_img\" style=\"width:20%;\" data-swiper-parallax=\"-1800\"><img class=\"lazyload  swiper-lazy swiper-move-lazy\" style=\"max-width:100%;right:0%;\" data-src=\"https:\/\/www.sunvoltbat.com\/wp-content\/uploads\/2024\/11\/service3.jpg\" alt=\"\"\/><\/div><div class=\"themepark_imgtext_ba\" style=\"opacity:1;\"><\/div><\/section>\n<\/div>\n\n\n\n<div class=\"wp-block-column\">\n<section class=\"wp-block-themepark-block-themepark-imgtext thempark-block themepark_imgtext updonwmodle undefined\" style=\"\"><div class=\"themepark_imgtext_img\" style=\"width:36%;\" data-swiper-parallax=\"-1800\"><img class=\"lazyload  swiper-lazy swiper-move-lazy\" style=\"\" data-src=\"https:\/\/www.sunvoltbat.com\/wp-content\/uploads\/2024\/10\/6.jpg\" alt=\"\"\/><\/div><div class=\"themepark_imgtext_text\" style=\"width:61%;\" data-swiper-parallax=\"-1600\">\n<div class=\"wp-block-column\">\n<div class=\"wp-block-themepark-block-themepark-wright content-super-p\" style=\"font-size:16px;line-height:32px;padding:10px 0px;\">\n<div class=\"wp-block-column\">\n<div class=\"wp-block-themepark-block-themepark-wright content-super-p\" style=\"font-size:16px;line-height:41px;padding:10px 0px;\">\n<div class=\"wp-block-column\">\n<p><\/p>\n\n\n\n<h1 class=\"wp-block-heading has-text-align-left has-bonkers-font-size\" id=\"homemd2\" style=\"text-transform:uppercase\"><strong>Service avant-vente<\/strong><\/h1>\n\n\n\n<p class=\"has-text-align-left\"><\/p>\n\n\n\n<p class=\"MsoNormal\"><span style=\"mso-spacerun:'yes';font-family:\u7b49\u7ebf;mso-bidi-font-family:'Times New Roman';font-size:10.5000pt;mso-font-kerning:1.0000pt;\"><\/span><\/p>\n\n\n\n<p><\/p>\n\n\n\n<div class=\"wp-block-themepark-block-themepark-xian theme_fang_out\" style=\"text-align:left;\"><div class=\"fangbox\" style=\"width:95px;height:11px;background-color:#5e8b0f;\"><\/div><\/div>\n<\/div>\n<\/div>\n\n\n\n<div class=\"wp-block-themepark-block-themepark-wright content-super-p\" style=\"font-size:16px;line-height:32px;padding:10px 0px;\">\n<div class=\"wp-block-column\">\n<p><\/p>\n\n\n\n<p>Nous fournissons des informations d\u00e9taill\u00e9es sur les produits et des r\u00e9ponses professionnelles pour vous aider \u00e0 comprendre pleinement les performances et les avantages du produit. Pour des demandes sp\u00e9cifiques, nous vous recommanderons des mod\u00e8les, des configurations et des solutions adapt\u00e9s, garantissant ainsi les produits les plus appropri\u00e9s.<\/p>\n<\/div>\n<\/div>\n<\/div>\n<\/div>\n<\/div>\n<\/div><div class=\"themepark_imgtext_ba\" style=\"opacity:1;\"><\/div><\/section>\n<\/div>\n<\/div>\n<\/div>\n\n\n\n<div class=\"wp-block-column block_layout_in\">\n<div class=\"wp-block-columns\">\n<div class=\"wp-block-column\">\n<section class=\"wp-block-themepark-block-themepark-imgtext thempark-block themepark_imgtext updonwmodle leftright undefined  jiaocuo nohover\" style=\"\"><div class=\"themepark_imgtext_text\" style=\"width:77%;\" data-swiper-parallax=\"-1600\">\n<div class=\"wp-block-column\">\n<div class=\"wp-block-themepark-block-themepark-wright content-super-p\" style=\"font-size:16px;line-height:41px;padding:10px 0px;\">\n<div class=\"wp-block-column\">\n<p><\/p>\n\n\n\n<h1 class=\"wp-block-heading has-text-align-left has-bonkers-font-size\" id=\"homemd2\" style=\"text-transform:uppercase\"><strong>SERVICE APR\u00c8S-VENTE<\/strong><\/h1>\n\n\n\n<p class=\"has-text-align-left\"><\/p>\n\n\n\n<div class=\"wp-block-themepark-block-themepark-xian theme_fang_out\" style=\"text-align:left;\"><div class=\"fangbox\" style=\"width:95px;height:11px;background-color:#5e8b0f;\"><\/div><\/div>\n<\/div>\n<\/div>\n\n\n\n<div class=\"wp-block-themepark-block-themepark-wright content-super-p\" style=\"font-size:16px;line-height:32px;padding:10px 0px;\">\n<div class=\"wp-block-column\">\n<p><\/p>\n\n\n\n<p><strong>--R\u00e9ponse rapide \u00e0 la commande et prompte <mark style=\"background-color:rgba(0, 0, 0, 0)\" class=\"has-inline-color has-vivid-cyan-blue-color\">service logistique<\/mark><\/strong><\/p>\n\n\n\n<div class=\"wp-block-themepark-block-themepark-wright content-super-p\" style=\"font-size:16px;line-height:34px;padding:1px 1px;\">\n<div class=\"wp-block-column\">\n<p>Notre syst\u00e8me logistique mature et stable permet une r\u00e9ponse rapide apr\u00e8s r\u00e9ception des commandes, garantissant une livraison dans les d\u00e9lais et un gain de temps. Si un certain mod\u00e8le de batterie est en rupture de stock dans votre magasin ou votre cort\u00e8ge, nous organiserons une exp\u00e9dition de fret d'urgence pour vous sur simple appel t\u00e9l\u00e9phonique.<\/p>\n\n\n\n<p><\/p>\n<\/div>\n<\/div>\n\n\n\n<p><\/p>\n<\/div>\n<\/div>\n<\/div>\n<\/div><div class=\"themepark_imgtext_img\" style=\"width:20%;\" data-swiper-parallax=\"-1800\"><img class=\"lazyload  swiper-lazy swiper-move-lazy\" style=\"max-width:100%;right:0%;\" data-src=\"https:\/\/www.sunvoltbat.com\/wp-content\/uploads\/2024\/11\/service-2.jpg\" alt=\"\"\/><\/div><div class=\"themepark_imgtext_ba\" style=\"opacity:1;\"><\/div><\/section>\n\n\n\n<p><\/p>\n<\/div>\n\n\n\n<div class=\"wp-block-column\">\n<section class=\"wp-block-themepark-block-themepark-imgtext thempark-block themepark_imgtext updonwmodle undefined\" style=\"\"><div class=\"themepark_imgtext_img\" style=\"width:36%;\" data-swiper-parallax=\"-1800\"><img class=\"lazyload  swiper-lazy swiper-move-lazy\" style=\"\" data-src=\"https:\/\/www.sunvoltbat.com\/wp-content\/uploads\/2024\/11\/service-3.jpg\" alt=\"\"\/><\/div><div class=\"themepark_imgtext_text\" style=\"width:61%;\" data-swiper-parallax=\"-1600\">\n<div class=\"wp-block-column\">\n<div class=\"wp-block-themepark-block-themepark-wright content-super-p\" style=\"font-size:16px;line-height:32px;padding:10px 0px;\">\n<div class=\"wp-block-column\">\n<div class=\"wp-block-themepark-block-themepark-wright content-super-p\" style=\"font-size:16px;line-height:41px;padding:10px 0px;\">\n<div class=\"wp-block-column\">\n<p><\/p>\n\n\n\n<h1 class=\"wp-block-heading has-text-align-left has-bonkers-font-size\" id=\"homemd2\" style=\"text-transform:uppercase\"><strong>LE SERVICE APR\u00c8S-VENTE<\/strong><\/h1>\n\n\n\n<p class=\"has-text-align-left\"><p class=\"MsoNormal\"><span style=\"mso-spacerun:'yes';font-family:\u7b49\u7ebf;mso-bidi-font-family:'Times New Roman';font-size:10.5000pt;mso-font-kerning:1.0000pt;\"><\/span><\/p><\/p>\n\n\n\n<div class=\"wp-block-themepark-block-themepark-xian theme_fang_out\" style=\"text-align:left;\"><div class=\"fangbox\" style=\"width:95px;height:11px;background-color:#5e8b0f;\"><\/div><\/div>\n<\/div>\n<\/div>\n\n\n\n<div class=\"wp-block-themepark-block-themepark-wright content-super-p\" style=\"font-size:16px;line-height:32px;padding:10px 0px;\">\n<div class=\"wp-block-column\">\n<p><\/p>\n\n\n\n<p><strong>--<mark style=\"background-color:rgba(0, 0, 0, 0)\" class=\"has-inline-color has-vivid-cyan-blue-color\">24\/7<\/mark> Service client\u00e8le &amp; Lightning Retour et \u00e9change<\/strong><\/p>\n\n\n\n<p><\/p>\n\n\n\n<p>Notre service client\u00e8le, disponible 24 heures sur 24 et 7 jours sur 7, offre une r\u00e9ponse rapide \u00e0 tout moment. Un service de retour et d'\u00e9change \u00e9clair porte \u00e0 porte sera mis en place en cas de probl\u00e8me de qualit\u00e9 du produit, ce qui vous permettra de ne plus vous soucier de la qualit\u00e9. Entre-temps, nous effectuerons des visites r\u00e9guli\u00e8res afin d'\u00e9couter vos commentaires et de vous proposer des solutions. Nous poursuivrons la mise en place d'un r\u00e9seau de service \u00e0 l'\u00e9chelle nationale. Profitons de ce shopping sans souci !<\/p>\n<\/div>\n<\/div>\n<\/div>\n<\/div>\n<\/div>\n<\/div><div class=\"themepark_imgtext_ba\" style=\"opacity:1;\"><\/div><\/section>\n<\/div>\n<\/div>\n<\/div>\n<\/div><div class=\"layout_badh\"><div class=\"shizhezhao\" style=\"opacity:0.59;background-color:#ffffff;\"><\/div><div class=\"PcOnly themepark-block_layout_ba lazyload swiper-lazy\" style=\"background-repeat:no-repeat;background-size:cover;\" data-background=\"http:\/\/www.sunvoltbat.com\/wp-content\/uploads\/2023\/10\/15276012_5570869-scaled-1.jpg\"><\/div><div class=\"MovePnly themepark-block_layout_ba lazyload swiper-move-lazy\" style=\"background-repeat:no-repeat;background-size:cover;\" data-background=\"http:\/\/www.sunvoltbat.com\/wp-content\/uploads\/2023\/10\/15276012_5570869-scaled-1.jpg\"><\/div><\/div><\/section>\n\n\n\n<section class=\"wp-block-themepark-block-themepark-area block_layout thempark-block undefined\" id=\"\" style=\"padding-bottom:78px;padding-top:51px;\" data-swiper-parallax=\"-700\"><div class=\"block_layout_in\" style=\"\">\n<div class=\"wp-block-column block_layout_in\">\n<div class=\"wp-block-columns\">\n<div class=\"wp-block-column\">\n<p class=\"has-monte-white-color has-text-color has-medium-font-size\"><strong>Service \u00e0 valeur ajout\u00e9e\uff1a<\/strong><\/p>\n\n\n\n<p><\/p>\n\n\n\n<div class=\"wp-block-themepark-block-themepark-wright content-super-p\" style=\"font-size:16px;line-height:32px;color:#ffffff;padding:10px 0px;\">\n<div class=\"wp-block-column\">\n<p><strong>Service de d\u00e9veloppement de la marque et de formation aux produits<\/strong><\/p>\n<\/div>\n<\/div>\n\n\n\n<section class=\"wp-block-themepark-block-themepark-listbox thempark-block themepark_listbox\" style=\"text-align:left;\"><ul class=\"themepark_listbox_list\" style=\"padding-left:0%;padding-right:2%;\"><li style=\"color:#ffffff;font-size:15px;line-height:25px;margin-bottom:15px;padding-left:30px;\"><i class=\"fas fa-check-circle\" style=\"color:#53bf00;line-height:25px\"><\/i><span>Renforcement de la marque : Nous proposons une conception et une autorisation de marque unifi\u00e9e pour les terminaux afin d'am\u00e9liorer l'image de marque et la reconnaissance du march\u00e9 ;<\/span><\/li><li style=\"color:#ffffff;font-size:15px;line-height:25px;margin-bottom:15px;padding-left:30px;\"><i class=\"fas fa-check-circle\" style=\"color:#53bf00;line-height:25px\"><\/i><span>Formation sur les produits : Nous organiserons r\u00e9guli\u00e8rement des formations sur les produits afin que vous sachiez mieux comment choisir, utiliser et entretenir les batteries.<\/span><\/li><li style=\"color:#ffffff;font-size:15px;line-height:25px;margin-bottom:15px;padding-left:30px;\"><i class=\"fas fa-check-circle\" style=\"color:#53bf00;line-height:25px\"><\/i><span>Promotion de la marque : Nous nous efforcerons de diffuser et de faire conna\u00eetre SUNVOLT \u00e0 un plus grand nombre de personnes.<\/span><\/li><\/ul><div class=\"themepark_listbox_ba\" style=\"opacity:1;\"><\/div><\/section>\n<\/div>\n\n\n\n<div class=\"wp-block-column\" style=\"flex-basis:30px\"><\/div>\n\n\n\n<div class=\"wp-block-column\">\n<section class=\"wp-block-themepark-block-themepark-bili thempark-block themepark_imgtext dsxws  updonwmodle padingmodle leftright undefined\" style=\"\"><div class=\"themepark_imgtext_text\" style=\"width:48%;text-align:left;\">\n<div class=\"wp-block-column\">\n<div class=\"wp-block-themepark-block-themepark-xian theme_fang_out\" style=\"text-align:left;padding-top:40px;\"><div class=\"fangbox\" style=\"width:370px;\"><\/div><\/div>\n<\/div>\n<\/div><div class=\"themepark_bili\" style=\"width:49%;\"><div class=\"bili_box\"><span class=\"bili_box_title\" style=\"font-size:48px;color:#ffffff;\">50%<\/span><span class=\"bili_box_title2\" style=\"font-size:16px;color:#ffffff;\">Image de marque<\/span><div class=\"bili_box_jd\" style=\"border:3px solid ;background:#000000;border-radius:12px;\"><div class=\"bili_box_jd_in\" style=\"width:87%;border-radius:12px;height:6px;background:#5e8b0f;\"><\/div><\/div><\/div><div class=\"bili_box\"><span class=\"bili_box_title\" style=\"font-size:48px;color:#ffffff;\">70%<\/span><span class=\"bili_box_title2\" style=\"font-size:16px;color:#ffffff;\">Sensibilisation aux produits<\/span><div class=\"bili_box_jd\" style=\"border:3px solid ;background:#000000;border-radius:12px;\"><div class=\"bili_box_jd_in\" style=\"width:53%;border-radius:12px;height:6px;background:#5e8b0f;\"><\/div><\/div><\/div><div class=\"bili_box\"><span class=\"bili_box_title\" style=\"font-size:48px;color:#ffffff;\">80%<\/span><span class=\"bili_box_title2\" style=\"font-size:16px;color:#ffffff;\">Popularit\u00e9<\/span><div class=\"bili_box_jd\" style=\"border:3px solid ;background:#000000;border-radius:12px;\"><div class=\"bili_box_jd_in\" style=\"width:87%;border-radius:12px;height:6px;background:#5e8b0f;\"><\/div><\/div><\/div><\/div><div class=\"themepark_imgtext_ba\" style=\"opacity:1;\"><\/div><\/section>\n<\/div>\n<\/div>\n<\/div>\n<\/div><div class=\"layout_badh\"><div class=\"shizhezhao\" style=\"opacity:0.7;background-color:#000a1c;\"><\/div><div class=\"PcOnly themepark-block_layout_ba lazyload swiper-lazy\" style=\"background-repeat:no-repeat;background-size:cover;background-attachment:fixed;\" data-background=\"http:\/\/www.sunvoltbat.com\/wp-content\/uploads\/2023\/10\/1698485513334.png\"><\/div><div class=\"MovePnly themepark-block_layout_ba lazyload swiper-move-lazy\" style=\"background-repeat:no-repeat;background-size:cover;background-attachment:fixed;\" data-background=\"http:\/\/www.sunvoltbat.com\/wp-content\/uploads\/2023\/10\/1698485513334.png\"><\/div><\/div><\/section>","protected":false},"excerpt":{"rendered":"","protected":false},"author":1,"featured_media":0,"parent":0,"menu_order":0,"comment_status":"closed","ping_status":"closed","template":"","meta":{"om_disable_all_campaigns":false,"_monsterinsights_skip_tracking":false,"_monsterinsights_sitenote_active":false,"_monsterinsights_sitenote_note":"","_monsterinsights_sitenote_category":0,"themepark_post_bcolor":"#f5f5f5","themepark_post_width":"100% dong","themepark_post_img":"","themepark_post_img_po":"left","themepark_post_img_re":false,"themepark_post_img_cover":false,"themepark_post_img_fixed":false,"themepark_post_hide_title":true,"themepark_post_main_b":"","themepark_post_main_p":100,"themepark_paddingblock":true,"footnotes":""},"class_list":["post-356","page","type-page","status-publish","hentry"],"aioseo_notices":[],"_links":{"self":[{"href":"https:\/\/www.sunvoltbat.com\/fr\/wp-json\/wp\/v2\/pages\/356","targetHints":{"allow":["GET"]}}],"collection":[{"href":"https:\/\/www.sunvoltbat.com\/fr\/wp-json\/wp\/v2\/pages"}],"about":[{"href":"https:\/\/www.sunvoltbat.com\/fr\/wp-json\/wp\/v2\/types\/page"}],"author":[{"embeddable":true,"href":"https:\/\/www.sunvoltbat.com\/fr\/wp-json\/wp\/v2\/users\/1"}],"replies":[{"embeddable":true,"href":"https:\/\/www.sunvoltbat.com\/fr\/wp-json\/wp\/v2\/comments?post=356"}],"version-history":[{"count":71,"href":"https:\/\/www.sunvoltbat.com\/fr\/wp-json\/wp\/v2\/pages\/356\/revisions"}],"predecessor-version":[{"id":1402,"href":"https:\/\/www.sunvoltbat.com\/fr\/wp-json\/wp\/v2\/pages\/356\/revisions\/1402"}],"wp:attachment":[{"href":"https:\/\/www.sunvoltbat.com\/fr\/wp-json\/wp\/v2\/media?parent=356"}],"curies":[{"name":"wp","href":"https:\/\/api.w.org\/{rel}","templated":true}]}}